{"id":81,"date":"2025-11-17T17:03:43","date_gmt":"2025-11-17T17:03:43","guid":{"rendered":"https:\/\/stadt.noblogs.org\/?page_id=81"},"modified":"2026-03-04T23:01:26","modified_gmt":"2026-03-04T23:01:26","slug":"tipps-fuer-berlin-beyond","status":"publish","type":"page","link":"https:\/\/stadt.noblogs.org\/?page_id=81","title":{"rendered":"Tipps f\u00fcr Berlin &amp; beyond"},"content":{"rendered":"\n<p><em>Ausgehorte an denen, einige der Geschichten h\u00e4tten passieren k\u00f6nnen:<\/em><\/p>\n\n\n\n<p><strong>Berlin Mitte<\/strong><br><a href=\"https:\/\/subversiv.tem.li\/\" target=\"_blank\" rel=\"noreferrer noopener\">Das Subversiv, ein DIY Local<\/a><br><a href=\"https:\/\/banditorosso.site36.net\/\" target=\"_blank\" rel=\"noreferrer noopener\">Das Bandito Rosso, ein Caf\u00e9 und Veranstaltungsraum<\/a><br><a href=\"https:\/\/www.schokoladen-mitte.de\/\" target=\"_blank\" rel=\"noreferrer noopener\">Der Schokoladen, ein Konzertraum<\/a><br><a href=\"https:\/\/habersaath46.squat.net\/\">Die Habersaath, ein besetztes Haus neben dem BND<\/a><br><br><strong>Tiergarten<\/strong><br><a href=\"https:\/\/kvu-berlin.de\/kvu-keiner-veranstaltet-uriger\/\" target=\"_blank\" rel=\"noreferrer noopener\">Die KVU, ein Freizeitsraum<\/a><br><br><strong>Weissensee<\/strong><br><a href=\"https:\/\/www.kubiz-wallenberg.de\/\" target=\"_blank\" rel=\"noreferrer noopener\">Das Kubiz, ein Kultur- und Bildungszentrum<\/a><br><br><strong>Wedding<\/strong><br><a href=\"https:\/\/infoladenscherer8.noblogs.org\/\" target=\"_blank\" rel=\"noreferrer noopener\">Die Scherer 8, ein Infoladen<\/a><br><a href=\"https:\/\/www.kiezhaus.org\" target=\"_blank\" rel=\"noreferrer noopener\">Das Kiezhaus Agnes Reinhold, ein Nachbarschafts- und Sozialzentrum<\/a><br><br><strong>Neuk\u00f6lln<\/strong><br><a href=\"https:\/\/www.dielunte.de\/\" target=\"_blank\" rel=\"noreferrer noopener\">Die Lunte, ein Stadtteil und Infoladen<\/a><br><a href=\"https:\/\/syndikatbleibt.noblogs.org\/syndikat\/\" target=\"_blank\" rel=\"noreferrer noopener\">Das Syndikat, eine Kneipe<\/a>, die mal ger\u00e4umt wurde<br><a href=\"https:\/\/www.cafelinus.de\/\">Das Caf\u00e9 Linus eines der \u00e4ltesten Kiezkneipen in Neuk\u00f6lln<\/a><br><a href=\"https:\/\/prachttomate.de\/\" target=\"_blank\" rel=\"noreferrer noopener\">Die Prachttomate, ein Gemeinschaftsgarten<\/a><br><br><strong>Prenzlauerberg<\/strong><br><a href=\"https:\/\/buchladen-weltkugel.de\/\" target=\"_blank\" rel=\"noreferrer noopener\">Die schwankende Weltkugel, ein Buchladen<\/a><br><a href=\"https:\/\/www.baiz.info\/\" target=\"_blank\" rel=\"noreferrer noopener\">Die Baiz, eine Kultur- und Schankwirtschaft<\/a><br><br><strong>Kreuzberg<\/strong><br><a href=\"https:\/\/erreichbar.noblogs.org\/\" target=\"_blank\" rel=\"noreferrer noopener\">Die Erreichbar, ein Veranstaltungs- und Projektsraum<\/a><br><a href=\"https:\/\/kalabalik.noblogs.org\/\">Kalabalik, eine anarchistische Bibliothek<\/a><br><a href=\"https:\/\/www.newyorck.net\/\" target=\"_blank\" rel=\"noreferrer noopener\">Das NewYork im Bethanien, ein Projektraum<\/a><br><a href=\"https:\/\/regenbogenfabrik.de\/\" target=\"_blank\" rel=\"noreferrer noopener\">Die Rebogenfabrik, ein Kinderkurltur und Nachbarschaftszentrum<\/a><br><a href=\"https:\/\/www.mehringhof.de\/\" target=\"_blank\" rel=\"noreferrer noopener\">Der Meringhof, ein Gewerbehof<\/a>:<br>wo sich u.a. folgende L\u00e4den\/Projekte befinden:<\/p>\n\n\n\n<ul class=\"wp-block-list\">\n<li><a href=\"https:\/\/schwarzerisse.de\/\" target=\"_blank\" rel=\"noreferrer noopener\">Buchladen Schwarzerisse<\/a><\/li>\n\n\n\n<li><a href=\"https:\/\/clash-berlin.de\/\" target=\"_blank\" rel=\"noreferrer noopener\">Kneipe\/Biergarten Clash<\/a><\/li>\n\n\n\n<li><a href=\"https:\/\/medibuero.de\/\" target=\"_blank\" rel=\"noreferrer noopener\">Das Medib\u00fcro f\u00fcr das Recht auf Gesundheit von allen Migrant*innen<\/a><\/li>\n\n\n\n<li><a href=\"https:\/\/kaelteschutz-mehringhof.de\/\" target=\"_blank\" rel=\"noreferrer noopener\">Der K\u00e4lteschutz<\/a><br><\/li>\n<\/ul>\n\n\n\n<p><\/p>\n\n\n\n<p><strong>Friedrichshain<\/strong><br><a href=\"https:\/\/supamolli.de\/\" target=\"_blank\" rel=\"noreferrer noopener\">Das Supamolli, Kneipe und Konzertraum<\/a><br><a href=\"https:\/\/www.sama32.squat.net\/\" target=\"_blank\" rel=\"noreferrer noopener\">Das Sama Caf\u00e9, ein Vereinsraum in Friedrichshain<\/a><br><a href=\"https:\/\/www.kinzig9.de\/gwl.html\" target=\"_blank\" rel=\"noreferrer noopener\">Gr\u00f6ssenwahn und Leichtsinn, die Veranstaltungsr\u00e4ume der K9<\/a><br><a href=\"https:\/\/neue-zukunft.org\/\" target=\"_blank\" rel=\"noreferrer noopener\">Die Neue Zukunft mit Kino, Kunst, Konzerte und Kneipe<\/a><br><\/p>\n\n\n\n<p><strong>Moabit<\/strong><br><a href=\"https:\/\/kulturfabrik-moabit.de\/\" target=\"_blank\" rel=\"noreferrer noopener\">Die KuFa, ein Kulturzentrum<\/a><br><br><strong>Lichtenberg<\/strong><br><a href=\"http:\/\/villakuriosum.net\/\" target=\"_blank\" rel=\"noreferrer noopener\">Die Villa Kuriosum, ein k\u00fcnstlerischer Raum mit Garten<\/a><br><\/p>\n\n\n\n<p><strong>Weitere Links Tipps<\/strong><\/p>\n\n\n\n<p><a href=\"https:\/\/stressfaktor.squat.net\/\" target=\"_blank\" rel=\"noreferrer noopener\">Stressfaktor ist ein Berliner Terminkalender f\u00fcr linke Subkultur und<br>Politik<\/a><br><br><a href=\"https:\/\/www.openstreetmap.org\" target=\"_blank\" rel=\"noreferrer noopener\">OpenStreetMap ist eine Karte der Welt und frei verwendbar unter einer<br>offenen Lizenz<\/a><br><br><a href=\"https:\/\/www.systemli.org\/\" target=\"_blank\" rel=\"noreferrer noopener\">Systemli ist ein linkes Netzwerk und Technik-Kollektiv. Sie haben den<br>Anspruch, sichere und vertrauensw\u00fcrdige Kommunikationsdienste<br>bereitzustellen<\/a><br><\/p>\n\n\n\n<p><a href=\"https:\/\/www.qwant.com\">qwant, eine Suchmaschine die Daten nicht speichert<\/a><br><a href=\"https:\/\/www.ecosia.org\/\" target=\"_blank\" rel=\"noreferrer noopener\">Ecosia, eine sogenannte nachhaltige Suchmaschine<\/a><br><br><a href=\"https:\/\/archive.org\" target=\"_blank\" rel=\"noreferrer noopener\">The Internet Archive, a digital library of Internet sites and other<br>cultural artifacts in digital form. It provides free access to everyone<\/a><br><br><a href=\"https:\/\/www.labournet.tv\/de\/ueber-uns\" target=\"_blank\" rel=\"noreferrer noopener\">Labournet.tv ist ein Kollektiv von Medienaktivist*innen. Viele Filme<br>sind auf deren Webseite verf\u00fcgbar.<\/a><br><\/p>\n\n\n\n<p><\/p>\n","protected":false},"excerpt":{"rendered":"<p>Ausgehorte an denen, einige der Geschichten h\u00e4tten passieren k\u00f6nnen: Berlin MitteDas Subversiv, ein DIY LocalDas Bandito Rosso, ein Caf\u00e9 und VeranstaltungsraumDer Schokoladen, ein KonzertraumDie Habersaath, ein besetztes Haus neben dem BND TiergartenDie KVU, ein Freizeitsraum WeissenseeDas Kubiz, ein Kultur- und Bildungszentrum WeddingDie Scherer 8, ein InfoladenDas Kiezhaus Agnes Reinhold, ein Nachbarschafts- und Sozialzentrum Neuk\u00f6llnDie Lunte, [&hellip;]<\/p>\n","protected":false},"author":21328,"featured_media":0,"parent":0,"menu_order":0,"comment_status":"closed","ping_status":"closed","template":"","meta":{"footnotes":""},"class_list":["post-81","page","type-page","status-publish","hentry"],"_links":{"self":[{"href":"https:\/\/stadt.noblogs.org\/index.php?rest_route=\/wp\/v2\/pages\/81","targetHints":{"allow":["GET"]}}],"collection":[{"href":"https:\/\/stadt.noblogs.org\/index.php?rest_route=\/wp\/v2\/pages"}],"about":[{"href":"https:\/\/stadt.noblogs.org\/index.php?rest_route=\/wp\/v2\/types\/page"}],"author":[{"embeddable":true,"href":"https:\/\/stadt.noblogs.org\/index.php?rest_route=\/wp\/v2\/users\/21328"}],"replies":[{"embeddable":true,"href":"https:\/\/stadt.noblogs.org\/index.php?rest_route=%2Fwp%2Fv2%2Fcomments&post=81"}],"version-history":[{"count":6,"href":"https:\/\/stadt.noblogs.org\/index.php?rest_route=\/wp\/v2\/pages\/81\/revisions"}],"predecessor-version":[{"id":181,"href":"https:\/\/stadt.noblogs.org\/index.php?rest_route=\/wp\/v2\/pages\/81\/revisions\/181"}],"wp:attachment":[{"href":"https:\/\/stadt.noblogs.org\/index.php?rest_route=%2Fwp%2Fv2%2Fmedia&parent=81"}],"curies":[{"name":"wp","href":"https:\/\/api.w.org\/{rel}","templated":true}]}}